{"id":3,"date":"2024-06-20T10:35:05","date_gmt":"2024-06-20T13:35:05","guid":{"rendered":"https:\/\/optium.com.ar\/webs\/Carworld\/?page_id=3"},"modified":"2024-11-03T19:00:06","modified_gmt":"2024-11-03T22:00:06","slug":"terminos-y-condiciones","status":"publish","type":"page","link":"https:\/\/mundocarworld.com\/index.php\/terminos-y-condiciones\/","title":{"rendered":"Terminos y condiciones"},"content":{"rendered":"<div class=\"fusion-fullwidth fullwidth-box fusion-builder-row-1 fusion-flex-container has-pattern-background has-mask-background fusion-parallax-none nonhundred-percent-fullwidth non-hundred-percent-height-scrolling fusion-no-small-visibility fusion-no-medium-visibility lazyload\" style=\"--awb-border-radius-top-left:0px;--awb-border-radius-top-right:0px;--awb-border-radius-bottom-right:0px;--awb-border-radius-bottom-left:0px;--awb-padding-top:150px;--awb-padding-bottom:150px;--awb-margin-top:0px;--awb-margin-bottom:0px;--awb-background-image:linear-gradient(180deg, #0a3988 0%,rgba(50,105,255,0) 63%);;--awb-background-size:cover;--awb-flex-wrap:wrap;\" data-bg=\"https:\/\/mundocarworld.com\/wp-content\/uploads\/2024\/11\/terminos-condiciones.jpg\" data-bg-gradient=\"linear-gradient(180deg, #0a3988 0%,rgba(50,105,255,0) 63%)\" ><div class=\"fusion-builder-row fusion-row fusion-flex-align-items-flex-start fusion-flex-content-wrap\" style=\"max-width:1248px;margin-left: calc(-4% \/ 2 );margin-right: calc(-4% \/ 2 );\"><div class=\"fusion-layout-column fusion_builder_column fusion-builder-column-0 fusion_builder_column_1_2 1_2 fusion-flex-column\" style=\"--awb-bg-size:cover;--awb-width-large:50%;--awb-margin-top-large:0px;--awb-spacing-right-large:3.84%;--awb-margin-bottom-large:0px;--awb-spacing-left-large:3.84%;--awb-width-medium:50%;--awb-order-medium:0;--awb-spacing-right-medium:3.84%;--awb-spacing-left-medium:3.84%;--awb-width-small:100%;--awb-order-small:0;--awb-spacing-right-small:1.92%;--awb-spacing-left-small:1.92%;\"><div class=\"fusion-column-wrapper fusion-column-has-shadow fusion-flex-justify-content-flex-start fusion-content-layout-column\"><div class=\"fusion-title title fusion-title-1 fusion-sep-none fusion-title-text fusion-title-size-one\" style=\"--awb-margin-top-small:10px;--awb-margin-right-small:0px;--awb-margin-bottom-small:10px;--awb-margin-left-small:0px;--awb-font-size:55px;\"><h1 class=\"fusion-title-heading title-heading-left\" style=\"font-family:&quot;Barlow&quot;;font-style:normal;font-weight:400;margin:0;text-transform:uppercase;font-size:1em;line-height:65px;\">T\u00e9rminos y Condiciones<\/h1><\/div><\/div><\/div><\/div><\/div><div class=\"fusion-fullwidth fullwidth-box fusion-builder-row-2 fusion-flex-container has-pattern-background has-mask-background nonhundred-percent-fullwidth non-hundred-percent-height-scrolling fusion-no-large-visibility\" style=\"--awb-border-radius-top-left:0px;--awb-border-radius-top-right:0px;--awb-border-radius-bottom-right:0px;--awb-border-radius-bottom-left:0px;--awb-padding-top:150px;--awb-padding-bottom:150px;--awb-padding-top-small:230px;--awb-margin-top:0px;--awb-margin-bottom:0px;--awb-background-image-small:linear-gradient(180deg, #0a3988 0%,rgba(50,105,255,0) 63%),url(https:\/\/mundocarworld.com\/wp-content\/uploads\/2024\/11\/terminos-mobile.jpg);;--awb-background-image:linear-gradient(180deg, #0a3988 0%,rgba(50,105,255,0) 63%);--awb-flex-wrap:wrap;\" ><div class=\"fusion-builder-row fusion-row fusion-flex-align-items-flex-start fusion-flex-content-wrap\" style=\"max-width:1248px;margin-left: calc(-4% \/ 2 );margin-right: calc(-4% \/ 2 );\"><div class=\"fusion-layout-column fusion_builder_column fusion-builder-column-1 fusion_builder_column_1_2 1_2 fusion-flex-column\" style=\"--awb-bg-size:cover;--awb-width-large:50%;--awb-margin-top-large:0px;--awb-spacing-right-large:3.84%;--awb-margin-bottom-large:0px;--awb-spacing-left-large:3.84%;--awb-width-medium:50%;--awb-order-medium:0;--awb-spacing-right-medium:3.84%;--awb-spacing-left-medium:3.84%;--awb-width-small:100%;--awb-order-small:0;--awb-spacing-right-small:1.92%;--awb-spacing-left-small:1.92%;\"><div class=\"fusion-column-wrapper fusion-column-has-shadow fusion-flex-justify-content-flex-start fusion-content-layout-column\"><div class=\"fusion-title title fusion-title-2 fusion-sep-none fusion-title-text fusion-title-size-one\" style=\"--awb-margin-top-small:10px;--awb-margin-right-small:0px;--awb-margin-bottom-small:10px;--awb-margin-left-small:0px;--awb-font-size:40px;\"><h1 class=\"fusion-title-heading title-heading-left\" style=\"font-family:&quot;Barlow&quot;;font-style:normal;font-weight:400;margin:0;text-transform:uppercase;font-size:1em;line-height:50px;\">T\u00e9rminos y Condiciones<\/h1><\/div><\/div><\/div><\/div><\/div><div class=\"fusion-fullwidth fullwidth-box fusion-builder-row-3 fusion-flex-container nonhundred-percent-fullwidth non-hundred-percent-height-scrolling\" style=\"--awb-border-radius-top-left:0px;--awb-border-radius-top-right:0px;--awb-border-radius-bottom-right:0px;--awb-border-radius-bottom-left:0px;--awb-padding-bottom:100px;--awb-padding-bottom-small:150px;--awb-flex-wrap:wrap;\" ><div class=\"fusion-builder-row fusion-row fusion-flex-align-items-flex-start fusion-flex-content-wrap\" style=\"max-width:1248px;margin-left: calc(-4% \/ 2 );margin-right: calc(-4% \/ 2 );\"><div class=\"fusion-layout-column fusion_builder_column fusion-builder-column-2 fusion_builder_column_1_1 1_1 fusion-flex-column\" style=\"--awb-bg-blend:overlay;--awb-bg-size:cover;--awb-width-large:100%;--awb-margin-top-large:0px;--awb-spacing-right-large:1.92%;--awb-margin-bottom-large:0px;--awb-spacing-left-large:1.92%;--awb-width-medium:100%;--awb-spacing-right-medium:1.92%;--awb-spacing-left-medium:1.92%;--awb-width-small:100%;--awb-margin-top-small:100px;--awb-spacing-right-small:1.92%;--awb-spacing-left-small:1.92%;\"><div class=\"fusion-column-wrapper fusion-flex-justify-content-flex-start fusion-content-layout-column\"><div class=\"fusion-title title fusion-title-3 fusion-sep-none fusion-title-text fusion-title-size-one\" style=\"--awb-margin-top:100px;--awb-margin-top-small:10px;--awb-margin-right-small:0px;--awb-margin-bottom-small:10px;--awb-margin-left-small:0px;--awb-font-size:30px;\"><h1 class=\"fusion-title-heading title-heading-left\" style=\"font-family:&quot;Barlow&quot;;font-style:normal;font-weight:400;margin:0;text-transform:uppercase;font-size:1em;line-height:40px;\"><p class=\"p1\"><span class=\"s1\"><b>CONTRATO DE SOCIO EXCLUSIVO EL MUNDO ES UNA RUEDA S.A.<\/b><\/span><\/p><\/h1><\/div><div class=\"fusion-text fusion-text-1\"><\/p>\n<p class=\"p1\">Mediante la aceptaci\u00f3n expresa de los presentes T\u00e9rminos y Condiciones, los clientes (en adelante \u201clos SOCIOS EXCLUSIVOS\u201d) de EL MUNDO ES UNA RUEDA S.A. con domicilio en Miraflores N\u00b0 2287, Parque Chacabuco, C.A.B.A. quien opera con el nombre de fantas\u00eda \u201cCARWORLD\u201d (en adelante \u201cCARWORLD\u201d) podr\u00e1n acceder, a trav\u00e9s del portal de internet de CARWORLD y\/o cualquier otro canal digital que sea de propiedad, operado, de marca o puestos a disposici\u00f3n por CARWORLD determinados servicios propios o provistos por terceros prestadores de servicios, incluyendo, los provistos por los que en el futuro se incorporen (en su conjunto, los \u201c<span class=\"s1\">Servicios<\/span>\u201d). Los presentes t\u00e9rminos y condiciones, que tienen como objetivo informar a los SOCIOS EXCLUSIVOS en forma clara y precisa acerca de los roles, responsabilidades y obligaciones de CARWORLD, deber\u00e1n ser aceptados por los SOCIOS EXCLUSIVOS CARWORLD para la utilizaci\u00f3n de los servicios que se describen en la presente.\u00a0<\/p>\n<p class=\"p1\"><b>1.OBJETO DEL PORTAL DE EL CARWORLD.<\/b><span class=\"Apple-converted-space\">\u00a0 <\/span>Los servicios brindados a trav\u00e9s del portal de CARWORLD ser\u00e1n proporcionar a los SOCIOS EXCLUSIVOS una plataforma tecnol\u00f3gica para que los mismos puedan, a modo meramente enunciativo, acceder a los servicios propios brindados por CARWORLD y\/o los que brinden los Prestadores. Al usar, acceder, descargar, instalar, obtener o brindar informaci\u00f3n desde y hacia el portal de CARWORLD se considerar\u00e1 que el SOCIO EXCLUSIVO ha le\u00eddo y aceptado estos T\u00e9rminos y Condiciones. Asimismo, la utilizaci\u00f3n de los servicios brindados a trav\u00e9s del portal de CARWORLD est\u00e1 sujeta y subordinada, supletoriamente, a los t\u00e9rminos y condiciones de uso de cada Servicio.<\/p>\n<p class=\"p1\"><b> 2.REQUISITOS.<\/b><span class=\"Apple-converted-space\">\u00a0 <\/span>Para operar a trav\u00e9s del portal de EL CARWORLD es condici\u00f3n necesaria que el SOCIO EXCLUSIVO acepte los presentes t\u00e9rminos y condiciones y proporcione la informaci\u00f3n personal que se detalle en el portal de CARWORLD.<\/p>\n<p class=\"p1\"><b>3.ADHESI\u00d3N AL SERVICIO.<\/b><span class=\"Apple-converted-space\">\u00a0 <\/span>Para comenzar a operar a trav\u00e9s del portal de EL CARWORLD., el SOCIO EXCLUSIVO deber\u00e1 completar todos los campos mandatorios detallados en el proceso de registraci\u00f3n vigente para que el sistema pueda realizar las validaciones correspondientes. Dichos datos identificatorios ser\u00e1n de uso personal e intransferible. Las operaciones estar\u00e1n disponibles a trav\u00e9s de un men\u00fa de navegaci\u00f3n. Concluida la operaci\u00f3n, el SOCIO EXCLUSIVO deber\u00e1 salir del portal de CARWORLD<span class=\"Apple-converted-space\">\u00a0 <\/span>utilizando las opciones correspondientes. Los t\u00e9rminos y condiciones y las pol\u00edticas de privacidad del servicio informado por los Prestadores han sido, son y seguir\u00e1 siendo definidas por los Prestadores, pudiendo ser modificadas peri\u00f3dicamente por los Prestadores a su entera discreci\u00f3n, seg\u00fan resulte necesario en funci\u00f3n de la normativa aplicable y\/o su operatoria. Los SOCIOS EXCLUSIVOS se obligan a proporcionar informaci\u00f3n aut\u00e9ntica, cierta, fidedigna, completa y actualizada cuando as\u00ed sea requerido. Una vez registrado, el SOCIO EXCLUSIVO asume el compromiso de actualizar los datos personales conforme resulte necesario.<\/p>\n<p class=\"p1\"><b>4.CONDICIONES ESPECIALES PARA EL USO Y GOCE DE LOS SERVICIOS DE CARWORLD:<\/b> El SOCIO EXCLUSIVO entiende y acepta que, de querer acceder al uso y goce de los servicios de CARWORLD . As\u00ed, en caso de desvincularse como SOCIO EXCLUSIVO ya no tendr\u00e1 acceso a su Usuario, con lo cual no podr\u00e1 acceder a los servicios brindados por CARWORLD<span class=\"Apple-converted-space\">\u00a0 <\/span>o cualquiera de sus prestadores. El socio exclusivo podr\u00e1 acceder a los beneficios del portal de socio \u00fanicamente si figura como socio activo en la plataforma. El socio exclusivo podr\u00e1 acceder al servicio de gr\u00faa a partir del segundo mes de permanecer como socio activo en el portal. El socio exclusivo podr\u00e1 acceder a los descuentos en los productos de CARWORLD a partir del primer mes como socio activo. El socio exclusivo podr\u00e1 acceder \u00fanicamente a los descuentos en turismo \u00fanicamente si accede a un portal aparte que incluye ahorrar una membres\u00eda de viajes para poder acceder a los descuentos. (teniendo que registrarse aparte en una plataforma exclusiva para miembros de turismo, consultando previamente como acceder a ese beneficio con un asesor comercial del equipo de CARWORLD) En el caso de la cobertura del servicio de gr\u00faa que el socio est\u00e9 dispuesto a suscribir los kil\u00f3metros no son acumulables, renov\u00e1ndose mes tras mes. El socio exclusivo accede a tener 20% de descuentos en kilometraje si excede su cobertura vigente. En cada traslado del servicio de gr\u00faa solo podr\u00e1n viajar hasta 2 personas mayores<\/p>\n<p class=\"p1\"><b>5.CIERRE CUENTA:<\/b> CARWORLD podr\u00e1: (i) dar por terminados los Servicios ofrecidos en el portal de CARWORLD y retirar cualquier contenido de la misma ante el incumplimiento por parte del SOCIO EXCLUSIVO de los T\u00e9rminos y Condiciones; (ii) suspender el acceso cualquiera de los SOCIOS EXCLUSIVOS de los Servicios ofrecidos en el portal de CARWORLD en cualquier momento y sin que medie causa de justificaci\u00f3n. En caso de que CARWORLD hiciera uso de las opciones contempladas en el punto (i) y\/o (ii), no generar\u00e1 a favor del SOCIO EXCLUSIVO ning\u00fan derecho a percibir indemnizaciones ni otro tipo de pago por este hecho. Asimismo, los Prestadores se encuentran facultados para suspender, cancelar, revocar, rechazar o desactivar los Servicios de un determinado SOCIO EXCLUSIVO en caso de que, a su exclusivo criterio, existan motivos para sospechar o creer que los SOCIOS EXCLUSIVOS en cuesti\u00f3n se encuentran involucrados en actividades delictivas, ilegales o il\u00edcitas.<\/p>\n<p class=\"p1\"><b>6. INFORMACI\u00d3N DE LOS SOCIO EXCLUSIVO CARWORLD:<\/b> Los Prestadores, a su exclusivo criterio, podr\u00e1n requerir a CARWORLD que se contacte con -y solicite informaci\u00f3n adicional &#8211; a los SOCIO EXCLUSIVO por correo electr\u00f3nico, tel\u00e9fono, chats u otros canales adecuados de comunicaci\u00f3n, en aquellos casos que juzgue necesario, tales como, por ejemplo, casos de validaci\u00f3n de informaci\u00f3n para, casos de validaci\u00f3n y\/o confirmaci\u00f3n de \u00f3rdenes, casos de evaluaciones de cumplimiento o riesgos, casos de investigaciones de fraude, o en virtud de un procedimiento para la resoluci\u00f3n de controversias o conflictos suscitado en el marco del Servicio. El SOCIO EXCLUSIVO da su consentimiento libre, expreso e informado para la transmisi\u00f3n de datos personales a los Prestadores a los efectos de que los Prestadores pueda utilizarlos para la realizaci\u00f3n de las operaciones y prestaci\u00f3n de los servicios detallados en el presente documento y en sus propios t\u00e9rminos y condiciones de sus servicios. Los Prestadores utilizar\u00e1n dicha informaci\u00f3n a los fines de darlo de alta como usuario y abrir su Usuario y\/o Cuenta, as\u00ed como para monitorear sus operaciones y dar cumplimiento a los requisitos de control interno y legales que pudieran corresponder.<span class=\"Apple-converted-space\">\u00a0 <\/span>Por lo tanto, con su consentimiento al presente documento, el SOCIO EXCLUSIVO autoriza a CARWORLD y presta su conformidad para que \u00e9sta realice la recopilaci\u00f3n, procesamiento, uso y tratamiento de sus datos personales, por s\u00ed o a trav\u00e9s de uno o m\u00e1s terceros encargados, de conformidad con la normativa vigente en la Rep\u00fablica Argentina y, en particular, con la Ley N\u00b0 25.326 de Protecci\u00f3n de los Datos Personales, as\u00ed como cualquier norma que la reglamente, modifique o reemplace, actualmente o en el futuro.<\/p>\n<p class=\"p1\"><b>7.COSTOS.<\/b> La apertura y mantenimiento de la Cuenta en CARWORLD y la utilizaci\u00f3n del portal de CARWORLD no tendr\u00e1 costos.<\/p>\n<p class=\"p1\">CARWORLD podr\u00e1 reducir o aumentar eventuales comisiones aplicables debiendo, en caso que corresponda, notificar al SOCIO EXCLUSIVO con sesenta (60) d\u00edas de anticipaci\u00f3n, por lo que el SOCIO EXCLUSIVO autoriza expresamente a CARWORLD a efectuar los correspondientes d\u00e9bitos en las cuentas del SOCIO EXCLUSIVO CARWORLD<b> <\/b><\/p>\n<p class=\"p1\"><b>8. RESPONSABILIDAD. INDEMNIDAD.<\/b> CARWORLD no ser\u00e1 responsables por cualquier p\u00e9rdida de elemento o materiales o cualquier otro tipo de objeto almacenados en las unidades vehiculares de los SOCIO EXCLUSIVO. CARWORLD no es responsable de cualquier obligaci\u00f3n fiscal que se devengue en cabeza del SOCIO EXCLUSIVO., siendo este el \u00fanico responsable por la declaraci\u00f3n e ingreso de los tributos que correspondieran por su operatoria. Ni CARWORLD ni los Prestadores ser\u00e1n responsables por ning\u00fan perjuicio incidental directo ni indirecto, incluido cualquier da\u00f1o, perjuicio, lucro cesante ni reclamos de terceros derivados de la utilizaci\u00f3n del portal CARWORLD p\u00e9rdida de informaci\u00f3n, resultados econ\u00f3micos deficientes del SOCIO EXCLUSIVO, que se deriven del servicio ofrecido a trav\u00e9s de CARWORLD El SOCIO EXCLUSIVO acepta mantener indemne a CARWORLD, sus empresas vinculadas, y cada uno de sus directores, presidente, funcionarios, agentes, contratistas, socios y empleados, de y contra cualquier p\u00e9rdida, responsabilidad, reclamo, demanda, da\u00f1os, costos y gastos, incluyendo honorarios razonables de abogados, que surjan de o en conexi\u00f3n con su contenido de SOCIO EXCLUSIVO, o cualquier violaci\u00f3n de estos T\u00e9rminos y Condiciones o de cualquier ley o derechos de terceros. El SOCIO EXCLUSIVO reconoce y acepta que la utilizaci\u00f3n del portal CARWORLD. corre por su propia cuenta y riesgo, siendo plenamente responsable por el uso que le d\u00e9.<\/p>\n<p class=\"p1\"><b> 9. MODIFICACIONES DE LOS T\u00c9RMINOS Y CONDICIONES.<\/b> CARWORLD podr\u00e1 modificar los presentes T\u00e9rminos y Condiciones en cualquier momento, notificando previamente al SOCIO EXCLUSIVO. Asimismo, los T\u00e9rminos y Condiciones modificados ser\u00e1n publicados en el portal de EL CARWORLD<b> <\/b><\/p>\n<p class=\"p1\"><b>10.OBLIGACIONES DEL SOCIO EXCLUSIVO DE CARWORLD.<\/b> El SOCIO EXCLUSIVO se compromete a utilizar los servicios de CARWORLD de conformidad con la ley y con los presentes T\u00e9rminos y Condiciones. El Usuario se obliga asimismo a abstenerse de utilizar los servicios de CARWORLD con fines o efectos il\u00edcitos o contrarios a lo establecido en los presentes T\u00e9rminos y Condiciones, siendo responsable por el uso que le d\u00e9 a su cuenta. CARWORLD y los Prestadores podr\u00e1n suspender, temporal o permanentemente sus servicios, sin indemnizaci\u00f3n alguna a favor del SOCIO EXCLUSIVO, en caso de existir duda o considerar que la informaci\u00f3n otorgada por el SOCIO EXCLUSIVO no resulta ver\u00eddica.<\/p>\n<p class=\"p1\"><b>11. SUSPENSI\u00d3N DEL SERVICIO.<\/b> El incumplimiento por parte del SOCIO EXCLUSIVO de las obligaciones asumidas o de cualquiera de las condiciones convenidas en los presentes T\u00e9rminos y Condiciones, ocasionar\u00e1 autom\u00e1ticamente la caducidad del Servicio, quedando CARWORLD facultado para modificar el Servicio a fin de interrumpir la prestaci\u00f3n del mismo sin previo aviso. CARWORLD podr\u00eda verse obligado a realizar suspensiones temporales del Servicio, las cuales ser\u00e1n notificadas oportunamente seg\u00fan sea predecible el evento que motiva la suspensi\u00f3n, entendi\u00e9ndose que en caso de que el mismo no sea predecible, la suspensi\u00f3n no generar\u00e1 derecho a reclamo alguno a favor del SOCIO EXCLUSIVO. La suspensi\u00f3n del Servicio en forma definitiva puede ser decidida por CARWORLD<span class=\"Apple-converted-space\">\u00a0 <\/span>y ser\u00e1 comunicada previa y oportunamente al SOCIO EXCLUSIVO. CARWORLD no ser\u00e1 responsable por los da\u00f1os y perjuicios que la suspensi\u00f3n entra\u00f1e.\u00a0<\/p>\n<p class=\"p1\"><b>12.PROPIEDAD INTELECTUAL. <\/b>CARWORLD es titular y conserva todos los derechos de la propiedad intelectual relacionados con el portal de CARWORLD, y los servicios prestados, y productos ofrecidos. Los presentes T\u00e9rminos y Condiciones no constituyen el otorgamiento de licencias t\u00e1citas, y cualquier derecho no otorgado al SOCIO EXCLUSIVO expresamente en virtud del presente queda reservado a CARWORLD. Los Usuarios no podr\u00e1n utilizar las marcas, im\u00e1genes, logotipos, dise\u00f1os, fotograf\u00edas, nombres comerciales de ning\u00fan tipo ni signos distintivos de CARWORLD ni de las empresas del grupo, as\u00ed como de empresas que realicen publicidad, propaganda o mercadeo de CARWORLD. La EMPRESA se reserva el derecho de cambios en los contratos.<\/p>\n<\/div><\/div><\/div><\/div><\/div>","protected":false},"excerpt":{"rendered":"","protected":false},"author":1,"featured_media":0,"parent":0,"menu_order":0,"comment_status":"closed","ping_status":"open","template":"100-width.php","meta":{"_joinchat":[],"footnotes":""},"class_list":["post-3","page","type-page","status-publish","hentry"],"_links":{"self":[{"href":"https:\/\/mundocarworld.com\/index.php\/wp-json\/wp\/v2\/pages\/3","targetHints":{"allow":["GET"]}}],"collection":[{"href":"https:\/\/mundocarworld.com\/index.php\/wp-json\/wp\/v2\/pages"}],"about":[{"href":"https:\/\/mundocarworld.com\/index.php\/wp-json\/wp\/v2\/types\/page"}],"author":[{"embeddable":true,"href":"https:\/\/mundocarworld.com\/index.php\/wp-json\/wp\/v2\/users\/1"}],"replies":[{"embeddable":true,"href":"https:\/\/mundocarworld.com\/index.php\/wp-json\/wp\/v2\/comments?post=3"}],"version-history":[{"count":14,"href":"https:\/\/mundocarworld.com\/index.php\/wp-json\/wp\/v2\/pages\/3\/revisions"}],"predecessor-version":[{"id":2546,"href":"https:\/\/mundocarworld.com\/index.php\/wp-json\/wp\/v2\/pages\/3\/revisions\/2546"}],"wp:attachment":[{"href":"https:\/\/mundocarworld.com\/index.php\/wp-json\/wp\/v2\/media?parent=3"}],"curies":[{"name":"wp","href":"https:\/\/api.w.org\/{rel}","templated":true}]}}